{"id":12,"date":"2026-04-29T09:18:57","date_gmt":"2026-04-29T09:18:57","guid":{"rendered":"https:\/\/ale.nu\/wp\/?page_id=12"},"modified":"2026-04-30T12:53:06","modified_gmt":"2026-04-30T12:53:06","slug":"valkommen-till-moderaterna-i-ale","status":"publish","type":"page","link":"https:\/\/ale.nu\/wp\/","title":{"rendered":"Ale p\u00e5 r\u00e4tt v\u00e4g!"},"content":{"rendered":"","protected":false},"excerpt":{"rendered":"","protected":false},"author":1,"featured_media":0,"parent":0,"menu_order":0,"comment_status":"closed","ping_status":"closed","template":"page-templates\/landing-page.php","meta":{"_acf_changed":false,"footnotes":""},"subject":[],"class_list":["post-12","page","type-page","status-publish","hentry"],"acf":[],"yoast_head":"<!-- This site is optimized with the Yoast SEO plugin v27.5 - https:\/\/yoast.com\/product\/yoast-seo-wordpress\/ -->\n<title>Ale p\u00e5 r\u00e4tt v\u00e4g! - Moderaterna i Ale<\/title>\n<meta name=\"robots\" content=\"index, follow, max-snippet:-1, max-image-preview:large, max-video-preview:-1\" \/>\n<link rel=\"canonical\" href=\"https:\/\/ale.nu\/wp\/\" \/>\n<meta property=\"og:locale\" content=\"sv_SE\" \/>\n<meta property=\"og:type\" content=\"article\" \/>\n<meta property=\"og:title\" content=\"Ale p\u00e5 r\u00e4tt v\u00e4g! - Moderaterna i Ale\" \/>\n<meta property=\"og:url\" content=\"https:\/\/ale.nu\/wp\/\" \/>\n<meta property=\"og:site_name\" content=\"Moderaterna i Ale\" \/>\n<meta property=\"article:modified_time\" content=\"2026-04-30T12:53:06+00:00\" \/>\n<meta name=\"twitter:card\" content=\"summary_large_image\" \/>\n<script type=\"application\/ld+json\" class=\"yoast-schema-graph\">{\"@context\":\"https:\\\/\\\/schema.org\",\"@graph\":[{\"@type\":\"WebPage\",\"@id\":\"https:\\\/\\\/ale.nu\\\/wp\\\/\",\"url\":\"https:\\\/\\\/ale.nu\\\/wp\\\/\",\"name\":\"Ale p\u00e5 r\u00e4tt v\u00e4g! - Moderaterna i Ale\",\"isPartOf\":{\"@id\":\"https:\\\/\\\/ale.nu\\\/wp\\\/#website\"},\"datePublished\":\"2026-04-29T09:18:57+00:00\",\"dateModified\":\"2026-04-30T12:53:06+00:00\",\"breadcrumb\":{\"@id\":\"https:\\\/\\\/ale.nu\\\/wp\\\/#breadcrumb\"},\"inLanguage\":\"sv-SE\",\"potentialAction\":[{\"@type\":\"ReadAction\",\"target\":[\"https:\\\/\\\/ale.nu\\\/wp\\\/\"]}]},{\"@type\":\"BreadcrumbList\",\"@id\":\"https:\\\/\\\/ale.nu\\\/wp\\\/#breadcrumb\",\"itemListElement\":[{\"@type\":\"ListItem\",\"position\":1,\"name\":\"Hem\",\"item\":\"https:\\\/\\\/ale.nu\\\/wp\\\/\"},{\"@type\":\"ListItem\",\"position\":2,\"name\":\"Ale p\u00e5 r\u00e4tt v\u00e4g!\"}]},{\"@type\":\"WebSite\",\"@id\":\"https:\\\/\\\/ale.nu\\\/wp\\\/#website\",\"url\":\"https:\\\/\\\/ale.nu\\\/wp\\\/\",\"name\":\"Moderaterna i Ale\",\"description\":\"\",\"potentialAction\":[{\"@type\":\"SearchAction\",\"target\":{\"@type\":\"EntryPoint\",\"urlTemplate\":\"https:\\\/\\\/ale.nu\\\/wp\\\/?s={search_term_string}\"},\"query-input\":{\"@type\":\"PropertyValueSpecification\",\"valueRequired\":true,\"valueName\":\"search_term_string\"}}],\"inLanguage\":\"sv-SE\"}]}<\/script>\n<!-- \/ Yoast SEO plugin. -->","yoast_head_json":{"title":"Ale p\u00e5 r\u00e4tt v\u00e4g! - Moderaterna i Ale","robots":{"index":"index","follow":"follow","max-snippet":"max-snippet:-1","max-image-preview":"max-image-preview:large","max-video-preview":"max-video-preview:-1"},"canonical":"https:\/\/ale.nu\/wp\/","og_locale":"sv_SE","og_type":"article","og_title":"Ale p\u00e5 r\u00e4tt v\u00e4g! - Moderaterna i Ale","og_url":"https:\/\/ale.nu\/wp\/","og_site_name":"Moderaterna i Ale","article_modified_time":"2026-04-30T12:53:06+00:00","twitter_card":"summary_large_image","schema":{"@context":"https:\/\/schema.org","@graph":[{"@type":"WebPage","@id":"https:\/\/ale.nu\/wp\/","url":"https:\/\/ale.nu\/wp\/","name":"Ale p\u00e5 r\u00e4tt v\u00e4g! - Moderaterna i Ale","isPartOf":{"@id":"https:\/\/ale.nu\/wp\/#website"},"datePublished":"2026-04-29T09:18:57+00:00","dateModified":"2026-04-30T12:53:06+00:00","breadcrumb":{"@id":"https:\/\/ale.nu\/wp\/#breadcrumb"},"inLanguage":"sv-SE","potentialAction":[{"@type":"ReadAction","target":["https:\/\/ale.nu\/wp\/"]}]},{"@type":"BreadcrumbList","@id":"https:\/\/ale.nu\/wp\/#breadcrumb","itemListElement":[{"@type":"ListItem","position":1,"name":"Hem","item":"https:\/\/ale.nu\/wp\/"},{"@type":"ListItem","position":2,"name":"Ale p\u00e5 r\u00e4tt v\u00e4g!"}]},{"@type":"WebSite","@id":"https:\/\/ale.nu\/wp\/#website","url":"https:\/\/ale.nu\/wp\/","name":"Moderaterna i Ale","description":"","potentialAction":[{"@type":"SearchAction","target":{"@type":"EntryPoint","urlTemplate":"https:\/\/ale.nu\/wp\/?s={search_term_string}"},"query-input":{"@type":"PropertyValueSpecification","valueRequired":true,"valueName":"search_term_string"}}],"inLanguage":"sv-SE"}]}},"_links":{"self":[{"href":"https:\/\/ale.nu\/wp\/index.php?rest_route=\/wp\/v2\/pages\/12","targetHints":{"allow":["GET"]}}],"collection":[{"href":"https:\/\/ale.nu\/wp\/index.php?rest_route=\/wp\/v2\/pages"}],"about":[{"href":"https:\/\/ale.nu\/wp\/index.php?rest_route=\/wp\/v2\/types\/page"}],"author":[{"embeddable":true,"href":"https:\/\/ale.nu\/wp\/index.php?rest_route=\/wp\/v2\/users\/1"}],"replies":[{"embeddable":true,"href":"https:\/\/ale.nu\/wp\/index.php?rest_route=%2Fwp%2Fv2%2Fcomments&post=12"}],"version-history":[{"count":8,"href":"https:\/\/ale.nu\/wp\/index.php?rest_route=\/wp\/v2\/pages\/12\/revisions"}],"predecessor-version":[{"id":23,"href":"https:\/\/ale.nu\/wp\/index.php?rest_route=\/wp\/v2\/pages\/12\/revisions\/23"}],"wp:attachment":[{"href":"https:\/\/ale.nu\/wp\/index.php?rest_route=%2Fwp%2Fv2%2Fmedia&parent=12"}],"wp:term":[{"taxonomy":"subject","embeddable":true,"href":"https:\/\/ale.nu\/wp\/index.php?rest_route=%2Fwp%2Fv2%2Fsubject&post=12"}],"curies":[{"name":"wp","href":"https:\/\/api.w.org\/{rel}","templated":true}]}}